{"id":851,"date":"2024-02-05T01:58:39","date_gmt":"2024-02-05T01:58:39","guid":{"rendered":"https:\/\/www.funny-party-games.com\/fupaga-photomime-2\/"},"modified":"2025-11-14T16:46:51","modified_gmt":"2025-11-14T15:46:51","slug":"fupaga-photomime","status":"publish","type":"page","link":"https:\/\/www.funny-party-games.com\/fr\/fupaga-photomime\/","title":{"rendered":"FuPaGa Photomime"},"content":{"rendered":"\t\t<div data-elementor-type=\"wp-page\" data-elementor-id=\"851\" class=\"elementor elementor-851\" data-elementor-post-type=\"page\">\n\t\t\t\t\t\t<section class=\"elementor-section elementor-top-section elementor-element elementor-element-40be1f70 logos-bar elementor-section-boxed elementor-section-height-default elementor-section-height-default\" data-id=\"40be1f70\" data-element_type=\"section\">\n\t\t\t\t\t\t<div class=\"elementor-container elementor-column-gap-default\">\n\t\t\t\t\t<div class=\"elementor-column elementor-col-50 elementor-top-column elementor-element elementor-element-640149d8\" data-id=\"640149d8\" data-element_type=\"column\">\n\t\t\t<div class=\"elementor-widget-wrap elementor-element-populated\">\n\t\t\t\t\t\t<div class=\"elementor-element elementor-element-71cb1e18 elementor-widget__width-auto elementor-widget elementor-widget-button\" data-id=\"71cb1e18\" data-element_type=\"widget\" data-widget_type=\"button.default\">\n\t\t\t\t<div class=\"elementor-widget-container\">\n\t\t\t\t\t\t\t\t\t<div class=\"elementor-button-wrapper\">\n\t\t\t\t\t<a class=\"elementor-button elementor-button-link elementor-size-sm\" href=\"#\" id=\"back-btn\">\n\t\t\t\t\t\t<span class=\"elementor-button-content-wrapper\">\n\t\t\t\t\t\t<span class=\"elementor-button-icon\">\n\t\t\t\t<svg aria-hidden=\"true\" class=\"e-font-icon-svg e-fas-chevron-left\" viewBox=\"0 0 320 512\" xmlns=\"http:\/\/www.w3.org\/2000\/svg\"><path d=\"M34.52 239.03L228.87 44.69c9.37-9.37 24.57-9.37 33.94 0l22.67 22.67c9.36 9.36 9.37 24.52.04 33.9L131.49 256l154.02 154.75c9.34 9.38 9.32 24.54-.04 33.9l-22.67 22.67c-9.37 9.37-24.57 9.37-33.94 0L34.52 272.97c-9.37-9.37-9.37-24.57 0-33.94z\"><\/path><\/svg>\t\t\t<\/span>\n\t\t\t\t\t\t\t\t\t<span class=\"elementor-button-text\">retour<\/span>\n\t\t\t\t\t<\/span>\n\t\t\t\t\t<\/a>\n\t\t\t\t<\/div>\n\t\t\t\t\t\t\t\t<\/div>\n\t\t\t\t<\/div>\n\t\t\t\t<div class=\"elementor-element elementor-element-256d021d elementor-widget__width-auto elementor-widget elementor-widget-heading\" data-id=\"256d021d\" data-element_type=\"widget\" data-widget_type=\"heading.default\">\n\t\t\t\t<div class=\"elementor-widget-container\">\n\t\t\t\t\t<h1 class=\"elementor-heading-title elementor-size-default\">Photomime<\/h1>\t\t\t\t<\/div>\n\t\t\t\t<\/div>\n\t\t\t\t<div class=\"elementor-element elementor-element-57246e11 elementor-widget__width-auto elementor-widget elementor-widget-heading\" data-id=\"57246e11\" data-element_type=\"widget\" data-widget_type=\"heading.default\">\n\t\t\t\t<div class=\"elementor-widget-container\">\n\t\t\t\t\t<h1 class=\"elementor-heading-title elementor-size-default\">beta<\/h1>\t\t\t\t<\/div>\n\t\t\t\t<\/div>\n\t\t\t\t\t<\/div>\n\t\t<\/div>\n\t\t\t\t<div class=\"elementor-column elementor-col-50 elementor-top-column elementor-element elementor-element-5cc70977\" data-id=\"5cc70977\" data-element_type=\"column\">\n\t\t\t<div class=\"elementor-widget-wrap elementor-element-populated\">\n\t\t\t\t\t\t<div class=\"elementor-element elementor-element-1c85a97e elementor-widget__width-auto elementor-widget elementor-widget-text-editor\" data-id=\"1c85a97e\" data-element_type=\"widget\" data-widget_type=\"text-editor.default\">\n\t\t\t\t<div class=\"elementor-widget-container\">\n\t\t\t\t\t\t\t\t\t<p>par<\/p>\t\t\t\t\t\t\t\t<\/div>\n\t\t\t\t<\/div>\n\t\t\t\t<div class=\"elementor-element elementor-element-76362b21 elementor-widget__width-auto elementor-widget elementor-widget-image\" data-id=\"76362b21\" data-element_type=\"widget\" data-widget_type=\"image.default\">\n\t\t\t\t<div class=\"elementor-widget-container\">\n\t\t\t\t\t\t\t\t\t\t\t\t\t\t\t\t<a href=\"https:\/\/www.funny-party-games.com\/fr\" target=\"_blank\">\n\t\t\t\t\t\t\t<img decoding=\"async\" width=\"212\" height=\"121\" src=\"https:\/\/www.funny-party-games.com\/fr\/app\/uploads\/2024\/02\/Funny_party_games_fu_pa_ga_logo.webp\" class=\"attachment-medium size-medium wp-image-39\" alt=\"Amusez-vous sur FuPaGa\" srcset=\"https:\/\/www.funny-party-games.com\/fr\/app\/uploads\/2024\/02\/Funny_party_games_fu_pa_ga_logo.webp 212w, https:\/\/www.funny-party-games.com\/fr\/app\/uploads\/2024\/02\/Funny_party_games_fu_pa_ga_logo-18x10.webp 18w\" sizes=\"(max-width: 212px) 100vw, 212px\" \/>\t\t\t\t\t\t\t\t<\/a>\n\t\t\t\t\t\t\t\t\t\t\t\t\t\t\t<\/div>\n\t\t\t\t<\/div>\n\t\t\t\t\t<\/div>\n\t\t<\/div>\n\t\t\t\t\t<\/div>\n\t\t<\/section>\n\t\t\t\t<section class=\"elementor-section elementor-top-section elementor-element elementor-element-654b75c start-block elementor-section-boxed elementor-section-height-default elementor-section-height-default\" data-id=\"654b75c\" data-element_type=\"section\">\n\t\t\t\t\t\t<div class=\"elementor-container elementor-column-gap-default\">\n\t\t\t\t\t<div class=\"elementor-column elementor-col-33 elementor-top-column elementor-element elementor-element-2160ebcd\" data-id=\"2160ebcd\" data-element_type=\"column\">\n\t\t\t<div class=\"elementor-widget-wrap elementor-element-populated\">\n\t\t\t\t\t\t<div class=\"elementor-element elementor-element-1158bfb6 elementor-widget elementor-widget-image\" data-id=\"1158bfb6\" data-element_type=\"widget\" data-widget_type=\"image.default\">\n\t\t\t\t<div class=\"elementor-widget-container\">\n\t\t\t\t\t\t\t\t\t\t\t\t\t\t\t<img fetchpriority=\"high\" decoding=\"async\" width=\"1200\" height=\"800\" src=\"https:\/\/www.funny-party-games.com\/fr\/app\/uploads\/2024\/02\/AdobeStock_275445402.webp\" class=\"attachment-full size-full wp-image-372\" alt=\"\" srcset=\"https:\/\/www.funny-party-games.com\/fr\/app\/uploads\/2024\/02\/AdobeStock_275445402.webp 1200w, https:\/\/www.funny-party-games.com\/fr\/app\/uploads\/2024\/02\/AdobeStock_275445402-300x200.webp 300w, https:\/\/www.funny-party-games.com\/fr\/app\/uploads\/2024\/02\/AdobeStock_275445402-1024x683.webp 1024w, https:\/\/www.funny-party-games.com\/fr\/app\/uploads\/2024\/02\/AdobeStock_275445402-768x512.webp 768w, https:\/\/www.funny-party-games.com\/fr\/app\/uploads\/2024\/02\/AdobeStock_275445402-18x12.webp 18w\" sizes=\"(max-width: 1200px) 100vw, 1200px\" \/>\t\t\t\t\t\t\t\t\t\t\t\t\t\t\t<\/div>\n\t\t\t\t<\/div>\n\t\t\t\t\t<\/div>\n\t\t<\/div>\n\t\t\t\t<div class=\"elementor-column elementor-col-66 elementor-top-column elementor-element elementor-element-954857f\" data-id=\"954857f\" data-element_type=\"column\">\n\t\t\t<div class=\"elementor-widget-wrap elementor-element-populated\">\n\t\t\t\t\t\t<div class=\"elementor-element elementor-element-7c393866 elementor-widget__width-inherit elementor-widget elementor-widget-text-editor\" data-id=\"7c393866\" data-element_type=\"widget\" data-widget_type=\"text-editor.default\">\n\t\t\t\t<div class=\"elementor-widget-container\">\n\t\t\t\t\t\t\t\t\t<p>Une s\u00e9rie de photos r\u00e9pr\u00e9sentant des mots sont \u00e0 mimer.\u00a0<\/p><p>Vos co\u00e9quipiers ne voient pas les photos, ils devinent les mots associ\u00e9s gr\u00e2ce \u00e0 vos mimes.<\/p>\t\t\t\t\t\t\t\t<\/div>\n\t\t\t\t<\/div>\n\t\t\t\t\t<\/div>\n\t\t<\/div>\n\t\t\t\t\t<\/div>\n\t\t<\/section>\n\t\t\t\t<section class=\"elementor-section elementor-top-section elementor-element elementor-element-42191de3 start-block elementor-section-boxed elementor-section-height-default elementor-section-height-default\" data-id=\"42191de3\" data-element_type=\"section\">\n\t\t\t\t\t\t<div class=\"elementor-container elementor-column-gap-default\">\n\t\t\t\t\t<div class=\"elementor-column elementor-col-50 elementor-top-column elementor-element elementor-element-6c1ab97e\" data-id=\"6c1ab97e\" data-element_type=\"column\">\n\t\t\t<div class=\"elementor-widget-wrap elementor-element-populated\">\n\t\t\t\t\t\t<div class=\"elementor-element elementor-element-6e4dad0d elementor-widget elementor-widget-text-editor\" data-id=\"6e4dad0d\" data-element_type=\"widget\" data-widget_type=\"text-editor.default\">\n\t\t\t\t<div class=\"elementor-widget-container\">\n\t\t\t\t\t\t\t\t\t<p>Nombre d&#8217;images par manche<\/p>\t\t\t\t\t\t\t\t<\/div>\n\t\t\t\t<\/div>\n\t\t\t\t<div class=\"elementor-element elementor-element-1fd98f2f select-container elementor-widget elementor-widget-html\" data-id=\"1fd98f2f\" data-element_type=\"widget\" data-widget_type=\"html.default\">\n\t\t\t\t<div class=\"elementor-widget-container\">\n\t\t\t\t\t<select name=\"input_nbimages\" id=\"input-nbimages\" class=\"elementor-field-textual elementor-size-sm\">\r\n   <option value=\"20l\">20 en boucle<\/option>\r\n   <option value=\"30l\">30 en boucle<\/option>\r\n   <option value=\"30m\">30 max & stop<\/option>\r\n   <option value=\"40m\">40 max & stop<\/option>\r\n   <option value=\"0\" selected=\"selected\">\u221e<\/option>\r\n<\/select>\r\n\t\t\t\t<\/div>\n\t\t\t\t<\/div>\n\t\t\t\t\t<\/div>\n\t\t<\/div>\n\t\t\t\t<div class=\"elementor-column elementor-col-50 elementor-top-column elementor-element elementor-element-27963d12\" data-id=\"27963d12\" data-element_type=\"column\">\n\t\t\t<div class=\"elementor-widget-wrap elementor-element-populated\">\n\t\t\t\t\t\t<div class=\"elementor-element elementor-element-166b7de6 elementor-widget elementor-widget-text-editor\" data-id=\"166b7de6\" data-element_type=\"widget\" data-widget_type=\"text-editor.default\">\n\t\t\t\t<div class=\"elementor-widget-container\">\n\t\t\t\t\t\t\t\t\t<p>Dur\u00e9e d&#8217;une manche<\/p>\t\t\t\t\t\t\t\t<\/div>\n\t\t\t\t<\/div>\n\t\t\t\t<div class=\"elementor-element elementor-element-460ecf6b select-container elementor-widget elementor-widget-html\" data-id=\"460ecf6b\" data-element_type=\"widget\" data-widget_type=\"html.default\">\n\t\t\t\t<div class=\"elementor-widget-container\">\n\t\t\t\t\t<select name=\"input_duration\" id=\"input-duration\" class=\"elementor-field-textual elementor-size-sm\">\r\n   <option value=\"120\">2 min.<\/option>\r\n   <option value=\"180\" selected=\"selected\">3 min.<\/option>\r\n   <option value=\"240\">4 min.<\/option>\r\n<\/select>\r\n\t\t\t\t<\/div>\n\t\t\t\t<\/div>\n\t\t\t\t\t<\/div>\n\t\t<\/div>\n\t\t\t\t\t<\/div>\n\t\t<\/section>\n\t\t\t\t<section class=\"elementor-section elementor-top-section elementor-element elementor-element-2865a0e2 start-block elementor-section-boxed elementor-section-height-default elementor-section-height-default\" data-id=\"2865a0e2\" data-element_type=\"section\">\n\t\t\t\t\t\t<div class=\"elementor-container elementor-column-gap-default\">\n\t\t\t\t\t<div class=\"elementor-column elementor-col-100 elementor-top-column elementor-element elementor-element-5a4cb027\" data-id=\"5a4cb027\" data-element_type=\"column\">\n\t\t\t<div class=\"elementor-widget-wrap elementor-element-populated\">\n\t\t\t\t\t\t<div class=\"elementor-element elementor-element-789c83f1 elementor-widget elementor-widget-html\" data-id=\"789c83f1\" data-element_type=\"widget\" data-widget_type=\"html.default\">\n\t\t\t\t<div class=\"elementor-widget-container\">\n\t\t\t\t\t<button type=\"submit\" id=\"start-game-btn\">\r\n    <span>\r\n\t    <span class=\" elementor-button-icon\"><\/span>\r\n\t    <span class=\"elementor-button-text\">C'est parti !<\/span>\r\n\t<\/span>\r\n<\/button>\t\t\t\t<\/div>\n\t\t\t\t<\/div>\n\t\t\t\t<div class=\"elementor-element elementor-element-3cfc25ee elementor-widget elementor-widget-shortcode\" data-id=\"3cfc25ee\" data-element_type=\"widget\" data-widget_type=\"shortcode.default\">\n\t\t\t\t<div class=\"elementor-widget-container\">\n\t\t\t\t\t\t\t<div class=\"elementor-shortcode\"><script>\r\n            const url = new URL(window.location.href);\r\n            url.searchParams.set('ssid', '387705de76fb48412e319ec6cda551da');\r\n            window.location.replace(url.toString());\r\n        <\/script><\/div>\n\t\t\t\t\t\t<\/div>\n\t\t\t\t<\/div>\n\t\t\t\t\t<\/div>\n\t\t<\/div>\n\t\t\t\t\t<\/div>\n\t\t<\/section>\n\t\t\t\t<section class=\"elementor-section elementor-top-section elementor-element elementor-element-6523e15f elementor-section-full_width game-fph-ingame elementor-section-height-default elementor-section-height-default\" data-id=\"6523e15f\" data-element_type=\"section\">\n\t\t\t\t\t\t<div class=\"elementor-container elementor-column-gap-default\">\n\t\t\t\t\t<div class=\"elementor-column elementor-col-66 elementor-top-column elementor-element elementor-element-592bb276 fph-col1\" data-id=\"592bb276\" data-element_type=\"column\">\n\t\t\t<div class=\"elementor-widget-wrap elementor-element-populated\">\n\t\t\t\t\t\t<div class=\"elementor-element elementor-element-5bfc53b7 img-quiz elementor-widget elementor-widget-image\" data-id=\"5bfc53b7\" data-element_type=\"widget\" data-widget_type=\"image.default\">\n\t\t\t\t<div class=\"elementor-widget-container\">\n\t\t\t\t\t\t\t\t\t\t\t\t\t\t\t<img decoding=\"async\" src=\"https:\/\/www.funny-party-games.com\/app\/plugins\/elementor\/assets\/images\/placeholder.png\" title=\"\" alt=\"\" loading=\"lazy\" \/>\t\t\t\t\t\t\t\t\t\t\t\t\t\t\t<\/div>\n\t\t\t\t<\/div>\n\t\t\t\t<div class=\"elementor-element elementor-element-5d26fa1 elementor-widget__width-initial result-txt elementor-widget elementor-widget-text-editor\" data-id=\"5d26fa1\" data-element_type=\"widget\" data-widget_type=\"text-editor.default\">\n\t\t\t\t<div class=\"elementor-widget-container\">\n\t\t\t\t\t\t\t\t\t<p>ARBRE<\/p>\t\t\t\t\t\t\t\t<\/div>\n\t\t\t\t<\/div>\n\t\t\t\t\t<\/div>\n\t\t<\/div>\n\t\t\t\t<div class=\"elementor-column elementor-col-33 elementor-top-column elementor-element elementor-element-ad12d7f fph-col2\" data-id=\"ad12d7f\" data-element_type=\"column\">\n\t\t\t<div class=\"elementor-widget-wrap elementor-element-populated\">\n\t\t\t\t\t\t<section class=\"elementor-section elementor-inner-section elementor-element elementor-element-5b221134 time-block elementor-section-boxed elementor-section-height-default elementor-section-height-default\" data-id=\"5b221134\" data-element_type=\"section\">\n\t\t\t\t\t\t<div class=\"elementor-container elementor-column-gap-default\">\n\t\t\t\t\t<div class=\"elementor-column elementor-col-100 elementor-inner-column elementor-element elementor-element-3351aff3 time-block\" data-id=\"3351aff3\" data-element_type=\"column\">\n\t\t\t<div class=\"elementor-widget-wrap elementor-element-populated\">\n\t\t\t\t\t\t<div class=\"elementor-element elementor-element-c123835 elementor-widget elementor-widget-text-editor\" data-id=\"c123835\" data-element_type=\"widget\" data-widget_type=\"text-editor.default\">\n\t\t\t\t<div class=\"elementor-widget-container\">\n\t\t\t\t\t\t\t\t\t<p>temps (s)<\/p>\t\t\t\t\t\t\t\t<\/div>\n\t\t\t\t<\/div>\n\t\t\t\t<div class=\"elementor-element elementor-element-4a007356 fph-timer elementor-widget elementor-widget-html\" data-id=\"4a007356\" data-element_type=\"widget\" data-widget_type=\"html.default\">\n\t\t\t\t<div class=\"elementor-widget-container\">\n\t\t\t\t\t<div class=\"timer-current\">10<\/div>\t\t\t\t<\/div>\n\t\t\t\t<\/div>\n\t\t\t\t\t<\/div>\n\t\t<\/div>\n\t\t\t\t\t<\/div>\n\t\t<\/section>\n\t\t\t\t<section class=\"elementor-section elementor-inner-section elementor-element elementor-element-7b2922aa photos-pos-block elementor-section-boxed elementor-section-height-default elementor-section-height-default\" data-id=\"7b2922aa\" data-element_type=\"section\">\n\t\t\t\t\t\t<div class=\"elementor-container elementor-column-gap-default\">\n\t\t\t\t\t<div class=\"elementor-column elementor-col-100 elementor-inner-column elementor-element elementor-element-74a3e839\" data-id=\"74a3e839\" data-element_type=\"column\">\n\t\t\t<div class=\"elementor-widget-wrap elementor-element-populated\">\n\t\t\t\t\t\t<div class=\"elementor-element elementor-element-23bd481e elementor-widget elementor-widget-text-editor\" data-id=\"23bd481e\" data-element_type=\"widget\" data-widget_type=\"text-editor.default\">\n\t\t\t\t<div class=\"elementor-widget-container\">\n\t\t\t\t\t\t\t\t\t<p>photo<\/p>\t\t\t\t\t\t\t\t<\/div>\n\t\t\t\t<\/div>\n\t\t\t\t<div class=\"elementor-element elementor-element-655d5f7b fph-progress elementor-widget elementor-widget-html\" data-id=\"655d5f7b\" data-element_type=\"widget\" data-widget_type=\"html.default\">\n\t\t\t\t<div class=\"elementor-widget-container\">\n\t\t\t\t\t<div class=\"rank with-total-images\">01<\/div><div class=\"total-images\">\/<span>10<\/span><\/div>\t\t\t\t<\/div>\n\t\t\t\t<\/div>\n\t\t\t\t\t<\/div>\n\t\t<\/div>\n\t\t\t\t\t<\/div>\n\t\t<\/section>\n\t\t\t\t<section class=\"elementor-section elementor-inner-section elementor-element elementor-element-4df6f477 score-block elementor-section-boxed elementor-section-height-default elementor-section-height-default\" data-id=\"4df6f477\" data-element_type=\"section\">\n\t\t\t\t\t\t<div class=\"elementor-container elementor-column-gap-default\">\n\t\t\t\t\t<div class=\"elementor-column elementor-col-100 elementor-inner-column elementor-element elementor-element-3156d885\" data-id=\"3156d885\" data-element_type=\"column\">\n\t\t\t<div class=\"elementor-widget-wrap elementor-element-populated\">\n\t\t\t\t\t\t<div class=\"elementor-element elementor-element-7e6c4908 elementor-widget elementor-widget-text-editor\" data-id=\"7e6c4908\" data-element_type=\"widget\" data-widget_type=\"text-editor.default\">\n\t\t\t\t<div class=\"elementor-widget-container\">\n\t\t\t\t\t\t\t\t\t<p>Score<\/p>\t\t\t\t\t\t\t\t<\/div>\n\t\t\t\t<\/div>\n\t\t\t\t<div class=\"elementor-element elementor-element-18b4e2e0 score elementor-widget elementor-widget-html\" data-id=\"18b4e2e0\" data-element_type=\"widget\" data-widget_type=\"html.default\">\n\t\t\t\t<div class=\"elementor-widget-container\">\n\t\t\t\t\t<span>0<\/span>\n\t\t\t\t<\/div>\n\t\t\t\t<\/div>\n\t\t\t\t\t<\/div>\n\t\t<\/div>\n\t\t\t\t\t<\/div>\n\t\t<\/section>\n\t\t\t\t<section class=\"elementor-section elementor-inner-section elementor-element elementor-element-44405c45 elementor-section-full_width div-btn-next elementor-section-height-default elementor-section-height-default\" data-id=\"44405c45\" data-element_type=\"section\">\n\t\t\t\t\t\t<div class=\"elementor-container elementor-column-gap-default\">\n\t\t\t\t\t<div class=\"elementor-column elementor-col-100 elementor-inner-column elementor-element elementor-element-43887247\" data-id=\"43887247\" data-element_type=\"column\">\n\t\t\t<div class=\"elementor-widget-wrap elementor-element-populated\">\n\t\t\t\t\t\t<div class=\"elementor-element elementor-element-331d0002 elementor-widget elementor-widget-html\" data-id=\"331d0002\" data-element_type=\"widget\" data-widget_type=\"html.default\">\n\t\t\t\t<div class=\"elementor-widget-container\">\n\t\t\t\t\t<button type=\"submit\">\r\n    <span>\r\n\t    <!--<span class=\" elementor-button-icon\"><\/span>\r\n\t    <span class=\"elementor-button-text\">Suite<\/span>&nbsp;-->\r\n\t    SUIVANT\r\n\t<\/span>\r\n<\/button>\t\t\t\t<\/div>\n\t\t\t\t<\/div>\n\t\t\t\t\t<\/div>\n\t\t<\/div>\n\t\t\t\t\t<\/div>\n\t\t<\/section>\n\t\t\t\t<div class=\"elementor-element elementor-element-236ba990 found-words elementor-widget elementor-widget-html\" data-id=\"236ba990\" data-element_type=\"widget\" data-widget_type=\"html.default\">\n\t\t\t\t<div class=\"elementor-widget-container\">\n\t\t\t\t\t<div class=\"found-4cloning\"><input type=\"checkbox\" checked=\"checked\"><span>ARBRE<\/span><\/div>\t\t\t\t<\/div>\n\t\t\t\t<\/div>\n\t\t\t\t<section class=\"elementor-section elementor-inner-section elementor-element elementor-element-1101f21d elementor-section-full_width div-btn-found elementor-section-height-default elementor-section-height-default\" data-id=\"1101f21d\" data-element_type=\"section\">\n\t\t\t\t\t\t<div class=\"elementor-container elementor-column-gap-default\">\n\t\t\t\t\t<div class=\"elementor-column elementor-col-100 elementor-inner-column elementor-element elementor-element-5b0f582d\" data-id=\"5b0f582d\" data-element_type=\"column\">\n\t\t\t<div class=\"elementor-widget-wrap elementor-element-populated\">\n\t\t\t\t\t\t<div class=\"elementor-element elementor-element-5cfac603 elementor-widget elementor-widget-html\" data-id=\"5cfac603\" data-element_type=\"widget\" data-widget_type=\"html.default\">\n\t\t\t\t<div class=\"elementor-widget-container\">\n\t\t\t\t\t<button type=\"submit\" id=\"\">\r\n    <span>\r\n\t    TROUV\u00c9\r\n<\/button>\t\t\t\t<\/div>\n\t\t\t\t<\/div>\n\t\t\t\t\t<\/div>\n\t\t<\/div>\n\t\t\t\t\t<\/div>\n\t\t<\/section>\n\t\t\t\t\t<\/div>\n\t\t<\/div>\n\t\t\t\t\t<\/div>\n\t\t<\/section>\n\t\t\t\t<section class=\"elementor-section elementor-top-section elementor-element elementor-element-97a0b9c elementor-section-full_width fph-footer elementor-section-height-default elementor-section-height-default\" data-id=\"97a0b9c\" data-element_type=\"section\">\n\t\t\t\t\t\t<div class=\"elementor-container elementor-column-gap-default\">\n\t\t\t\t\t<div class=\"elementor-column elementor-col-100 elementor-top-column elementor-element elementor-element-21d5137e fph-col1\" data-id=\"21d5137e\" data-element_type=\"column\">\n\t\t\t<div class=\"elementor-widget-wrap elementor-element-populated\">\n\t\t\t\t\t\t<div class=\"elementor-element elementor-element-aa13336 elementor-widget elementor-widget-text-editor\" data-id=\"aa13336\" data-element_type=\"widget\" data-widget_type=\"text-editor.default\">\n\t\t\t\t<div class=\"elementor-widget-container\">\n\t\t\t\t\t\t\t\t\tD\u00e9veloppement par la SAS Badam Applications &#8211; Tous droits r\u00e9serv\u00e9s &#8211; Images du jeu obtenues sur\u00a0<a style=\"letter-spacing: var(--bodyletterspacing); text-transform: var(--bodytexttransform);\" href=\"https:\/\/www.pexels.com\/fr-fr\/\" target=\"_blank\" rel=\"nofollow noopener\">Pexels<\/a>\n<div id=\"donate-button-container\">\n<div id=\"donate-button\"><\/div>\n<script src=\"https:\/\/www.paypalobjects.com\/donate\/sdk\/donate-sdk.js\" charset=\"UTF-8\"><\/script>\n<script>\nPayPal.Donation.Button({\nenv:'production',\nhosted_button_id:'7ZE6VBJE8M9PS',\nimage: {\nsrc:'\/fr\/app\/uploads\/faire-un-don.png',\nalt:'Bouton Faites un don avec PayPal',\ntitle:'PayPal - The safer, easier way to pay online!',\n}\n}).render('#donate-button');\n<\/script>\n\n<\/div>\t\t\t\t\t\t\t\t<\/div>\n\t\t\t\t<\/div>\n\t\t\t\t\t<\/div>\n\t\t<\/div>\n\t\t\t\t\t<\/div>\n\t\t<\/section>\n\t\t\t\t<\/div>\n\t\t","protected":false},"excerpt":{"rendered":"<p>retour Photomime beta par Une s\u00e9rie de photos r\u00e9pr\u00e9sentant des mots sont \u00e0 mimer.\u00a0 Vos co\u00e9quipiers ne voient pas les photos, ils devinent les mots associ\u00e9s gr\u00e2ce \u00e0 vos mimes. Nombre d&#8217;images par manche 20 en boucle30 en boucle30 max &#038; stop40 max &#038; stop\u221e Dur\u00e9e d&#8217;une manche 2 min.3 min.4 min. C&#8217;est parti !&hellip;&nbsp;<a href=\"https:\/\/www.funny-party-games.com\/fr\/fupaga-photomime\/\" class=\"\" rel=\"bookmark\">Lire la suite &raquo;<span class=\"screen-reader-text\">FuPaGa Photomime<\/span><\/a><\/p>\n","protected":false},"author":1,"featured_media":854,"parent":0,"menu_order":0,"comment_status":"closed","ping_status":"closed","template":"","meta":{"_acf_changed":false,"neve_meta_sidebar":"","neve_meta_container":"","neve_meta_enable_content_width":"","neve_meta_content_width":0,"neve_meta_title_alignment":"","neve_meta_author_avatar":"","neve_post_elements_order":"","neve_meta_disable_header":"on","neve_meta_disable_footer":"on","neve_meta_disable_title":"","footnotes":""},"class_list":["post-851","page","type-page","status-publish","has-post-thumbnail","hentry"],"acf":[],"_links":{"self":[{"href":"https:\/\/www.funny-party-games.com\/fr\/wp-json\/wp\/v2\/pages\/851","targetHints":{"allow":["GET"]}}],"collection":[{"href":"https:\/\/www.funny-party-games.com\/fr\/wp-json\/wp\/v2\/pages"}],"about":[{"href":"https:\/\/www.funny-party-games.com\/fr\/wp-json\/wp\/v2\/types\/page"}],"author":[{"embeddable":true,"href":"https:\/\/www.funny-party-games.com\/fr\/wp-json\/wp\/v2\/users\/1"}],"replies":[{"embeddable":true,"href":"https:\/\/www.funny-party-games.com\/fr\/wp-json\/wp\/v2\/comments?post=851"}],"version-history":[{"count":35,"href":"https:\/\/www.funny-party-games.com\/fr\/wp-json\/wp\/v2\/pages\/851\/revisions"}],"predecessor-version":[{"id":5425,"href":"https:\/\/www.funny-party-games.com\/fr\/wp-json\/wp\/v2\/pages\/851\/revisions\/5425"}],"wp:featuredmedia":[{"embeddable":true,"href":"https:\/\/www.funny-party-games.com\/fr\/wp-json\/wp\/v2\/media\/854"}],"wp:attachment":[{"href":"https:\/\/www.funny-party-games.com\/fr\/wp-json\/wp\/v2\/media?parent=851"}],"curies":[{"name":"wp","href":"https:\/\/api.w.org\/{rel}","templated":true}]}}